{"id":401,"date":"2024-02-16T16:51:57","date_gmt":"2024-02-16T19:51:57","guid":{"rendered":"https:\/\/im3d.com.br\/?page_id=401"},"modified":"2024-11-07T16:02:08","modified_gmt":"2024-11-07T19:02:08","slug":"guias-de-osteotomia","status":"publish","type":"page","link":"https:\/\/im3d.com.br\/index.php\/guias-de-osteotomia\/","title":{"rendered":"Guias de Osteotomia"},"content":{"rendered":"\t\t<div data-elementor-type=\"wp-page\" data-elementor-id=\"401\" class=\"elementor elementor-401\" data-elementor-post-type=\"page\">\n\t\t\t\t<div class=\"elementor-element elementor-element-37538ac e-con-full e-flex e-con e-parent\" data-id=\"37538ac\" data-element_type=\"container\">\n\t\t<div class=\"elementor-element elementor-element-14420554 e-con-full e-flex e-con e-child\" data-id=\"14420554\" data-element_type=\"container\">\n\t\t\t\t<div class=\"elementor-element elementor-element-6f0606e6 elementor-widget elementor-widget-heading\" data-id=\"6f0606e6\" data-element_type=\"widget\" data-widget_type=\"heading.default\">\n\t\t\t\t<div class=\"elementor-widget-container\">\n\t\t\t\t\t<h2 class=\"elementor-heading-title elementor-size-default\">Guias de Osteotomia e Protocolos Provis\u00f3rios para Captura<\/h2>\t\t\t\t<\/div>\n\t\t\t\t<\/div>\n\t\t\t\t<div class=\"elementor-element elementor-element-7e96aff9 elementor-widget-divider--view-line elementor-widget elementor-widget-divider\" data-id=\"7e96aff9\" data-element_type=\"widget\" data-widget_type=\"divider.default\">\n\t\t\t\t<div class=\"elementor-widget-container\">\n\t\t\t\t\t\t\t<div class=\"elementor-divider\">\n\t\t\t<span class=\"elementor-divider-separator\">\n\t\t\t\t\t\t<\/span>\n\t\t<\/div>\n\t\t\t\t\t\t<\/div>\n\t\t\t\t<\/div>\n\t\t\t\t<div class=\"elementor-element elementor-element-219d04b1 elementor-widget elementor-widget-text-editor\" data-id=\"219d04b1\" data-element_type=\"widget\" data-widget_type=\"text-editor.default\">\n\t\t\t\t<div class=\"elementor-widget-container\">\n\t\t\t\t\t\t\t\t\t<p>Fluxo Completo para Casos de Reabilita\u00e7\u00f5es de Arcoso totais Complexas.<\/p>\t\t\t\t\t\t\t\t<\/div>\n\t\t\t\t<\/div>\n\t\t\t\t<\/div>\n\t\t<div class=\"elementor-element elementor-element-1e2a9f82 e-con-full e-flex e-con e-child\" data-id=\"1e2a9f82\" data-element_type=\"container\" data-settings=\"{&quot;background_background&quot;:&quot;classic&quot;}\">\n\t\t<div class=\"elementor-element elementor-element-3bd37e1f e-flex e-con-boxed e-con e-child\" data-id=\"3bd37e1f\" data-element_type=\"container\">\n\t\t\t\t\t<div class=\"e-con-inner\">\n\t\t\t\t<div class=\"elementor-element elementor-element-726dd734 elementor-widget elementor-widget-image\" data-id=\"726dd734\" data-element_type=\"widget\" data-widget_type=\"image.default\">\n\t\t\t\t<div class=\"elementor-widget-container\">\n\t\t\t\t\t\t\t\t\t\t\t\t\t\t\t<img fetchpriority=\"high\" decoding=\"async\" width=\"490\" height=\"736\" src=\"https:\/\/im3d.com.br\/wp-content\/uploads\/2024\/02\/imagem-osteotomia.jpg\" class=\"attachment-large size-large wp-image-965\" alt=\"Guias de osteotomia e protocolos provis\u00f3rios para reabilita\u00e7\u00f5es complexas de arcos totais, com dupla tomografia, marcadores radiopacos e impress\u00e3o de guias de fixa\u00e7\u00e3o e fresagem.\" srcset=\"https:\/\/im3d.com.br\/wp-content\/uploads\/2024\/02\/imagem-osteotomia.jpg 490w, https:\/\/im3d.com.br\/wp-content\/uploads\/2024\/02\/imagem-osteotomia-200x300.jpg 200w\" sizes=\"(max-width: 490px) 100vw, 490px\" \/>\t\t\t\t\t\t\t\t\t\t\t\t\t\t\t<\/div>\n\t\t\t\t<\/div>\n\t\t\t\t\t<\/div>\n\t\t\t\t<\/div>\n\t\t<div class=\"elementor-element elementor-element-76d959d2 e-flex e-con-boxed e-con e-child\" data-id=\"76d959d2\" data-element_type=\"container\">\n\t\t\t\t\t<div class=\"e-con-inner\">\n\t\t<div class=\"elementor-element elementor-element-33b09157 e-flex e-con-boxed e-con e-child\" data-id=\"33b09157\" data-element_type=\"container\">\n\t\t\t\t\t<div class=\"e-con-inner\">\n\t\t\t\t<div class=\"elementor-element elementor-element-214be5fd elementor-widget elementor-widget-heading\" data-id=\"214be5fd\" data-element_type=\"widget\" data-widget_type=\"heading.default\">\n\t\t\t\t<div class=\"elementor-widget-container\">\n\t\t\t\t\t<h2 class=\"elementor-heading-title elementor-size-default\">Pontos Importantes :<\/h2>\t\t\t\t<\/div>\n\t\t\t\t<\/div>\n\t\t\t\t<div class=\"elementor-element elementor-element-49de7599 elementor-widget elementor-widget-text-editor\" data-id=\"49de7599\" data-element_type=\"widget\" data-widget_type=\"text-editor.default\">\n\t\t\t\t<div class=\"elementor-widget-container\">\n\t\t\t\t\t\t\t\t\t<ul><li>Realiza\u00e7\u00e3o de T\u00e9cnica de Dupla Tomografia (Tomografia do paciente com pr\u00f3tese e Tomografia apenas da Pr\u00f3tese);<\/li><li><p>Confec\u00e7\u00e3o de Marcadores Radiopacos na pr\u00f3tese (Se poss\u00edvel com resina Flow);<\/p><\/li><li><p>Fotos do Paciente com Sorriso M\u00e1ximo (Com e Sem a pr\u00f3tese);<\/p><\/li><li><p>Impress\u00e3o de guia de fixa\u00e7\u00e3o, osteotomia, fresagem e protocolo maquiado;<\/p><\/li><li><p>Guias com suporte \u00f3sseo e \u00edm\u00e3s de uni\u00e3o.<\/p><\/li><\/ul>\t\t\t\t\t\t\t\t<\/div>\n\t\t\t\t<\/div>\n\t\t\t\t\t<\/div>\n\t\t\t\t<\/div>\n\t\t\t\t\t<\/div>\n\t\t\t\t<\/div>\n\t\t\t\t<\/div>\n\t\t<div class=\"elementor-element elementor-element-7bfa75a e-con-full e-flex e-con e-child\" data-id=\"7bfa75a\" data-element_type=\"container\">\n\t\t\t\t<div class=\"elementor-element elementor-element-2cf6fc41 elementor-widget elementor-widget-text-editor\" data-id=\"2cf6fc41\" data-element_type=\"widget\" data-widget_type=\"text-editor.default\">\n\t\t\t\t<div class=\"elementor-widget-container\">\n\t\t\t\t\t\t\t\t\t<p>Guias de fixa\u00e7\u00e3o.<\/p>\t\t\t\t\t\t\t\t<\/div>\n\t\t\t\t<\/div>\n\t\t\t\t<\/div>\n\t\t\t\t<\/div>\n\t\t\t\t<\/div>\n\t\t","protected":false},"excerpt":{"rendered":"<p>Guias de Osteotomia e Protocolos Provis\u00f3rios para Captura Fluxo Completo para Casos de Reabilita\u00e7\u00f5es de Arcoso totais Complexas. Pontos Importantes : Realiza\u00e7\u00e3o de T\u00e9cnica de Dupla Tomografia (Tomografia do paciente com pr\u00f3tese e Tomografia apenas da Pr\u00f3tese); Confec\u00e7\u00e3o de Marcadores Radiopacos na pr\u00f3tese (Se poss\u00edvel com resina Flow); Fotos do Paciente com Sorriso M\u00e1ximo (Com [&hellip;]<\/p>\n","protected":false},"author":1,"featured_media":0,"parent":0,"menu_order":0,"comment_status":"closed","ping_status":"closed","template":"","meta":{"footnotes":"","_joinchat":[]},"_links":{"self":[{"href":"https:\/\/im3d.com.br\/index.php\/wp-json\/wp\/v2\/pages\/401"}],"collection":[{"href":"https:\/\/im3d.com.br\/index.php\/wp-json\/wp\/v2\/pages"}],"about":[{"href":"https:\/\/im3d.com.br\/index.php\/wp-json\/wp\/v2\/types\/page"}],"author":[{"embeddable":true,"href":"https:\/\/im3d.com.br\/index.php\/wp-json\/wp\/v2\/users\/1"}],"replies":[{"embeddable":true,"href":"https:\/\/im3d.com.br\/index.php\/wp-json\/wp\/v2\/comments?post=401"}],"version-history":[{"count":55,"href":"https:\/\/im3d.com.br\/index.php\/wp-json\/wp\/v2\/pages\/401\/revisions"}],"predecessor-version":[{"id":1518,"href":"https:\/\/im3d.com.br\/index.php\/wp-json\/wp\/v2\/pages\/401\/revisions\/1518"}],"wp:attachment":[{"href":"https:\/\/im3d.com.br\/index.php\/wp-json\/wp\/v2\/media?parent=401"}],"curies":[{"name":"wp","href":"https:\/\/api.w.org\/{rel}","templated":true}]}}