{"id":399,"date":"2024-02-16T16:51:38","date_gmt":"2024-02-16T19:51:38","guid":{"rendered":"https:\/\/im3d.com.br\/?page_id=399"},"modified":"2024-11-07T16:03:13","modified_gmt":"2024-11-07T19:03:13","slug":"guias-cirurgicos-periodontais","status":"publish","type":"page","link":"https:\/\/im3d.com.br\/index.php\/guias-cirurgicos-periodontais\/","title":{"rendered":"Guias Cir\u00fargicos Periodontais"},"content":{"rendered":"\t\t<div data-elementor-type=\"wp-page\" data-elementor-id=\"399\" class=\"elementor elementor-399\" data-elementor-post-type=\"page\">\n\t\t\t\t<div class=\"elementor-element elementor-element-918bde e-con-full e-flex e-con e-parent\" data-id=\"918bde\" data-element_type=\"container\">\n\t\t<div class=\"elementor-element elementor-element-5c7cef49 e-con-full e-flex e-con e-child\" data-id=\"5c7cef49\" data-element_type=\"container\">\n\t\t\t\t<div class=\"elementor-element elementor-element-565983cf elementor-widget elementor-widget-heading\" data-id=\"565983cf\" data-element_type=\"widget\" data-widget_type=\"heading.default\">\n\t\t\t\t<div class=\"elementor-widget-container\">\n\t\t\t\t\t<h2 class=\"elementor-heading-title elementor-size-default\">Guias Cir\u00fargicos Periodontais<\/h2>\t\t\t\t<\/div>\n\t\t\t\t<\/div>\n\t\t\t\t<div class=\"elementor-element elementor-element-7af66d4d elementor-widget-divider--view-line elementor-widget elementor-widget-divider\" data-id=\"7af66d4d\" data-element_type=\"widget\" data-widget_type=\"divider.default\">\n\t\t\t\t<div class=\"elementor-widget-container\">\n\t\t\t\t\t\t\t<div class=\"elementor-divider\">\n\t\t\t<span class=\"elementor-divider-separator\">\n\t\t\t\t\t\t<\/span>\n\t\t<\/div>\n\t\t\t\t\t\t<\/div>\n\t\t\t\t<\/div>\n\t\t\t\t<div class=\"elementor-element elementor-element-55ac300e elementor-widget elementor-widget-text-editor\" data-id=\"55ac300e\" data-element_type=\"widget\" data-widget_type=\"text-editor.default\">\n\t\t\t\t<div class=\"elementor-widget-container\">\n\t\t\t\t\t\t\t\t\t<p>Planejamento e impress\u00e3o de guias para cirurgias periodontais de corre\u00e7\u00e3o de sorriso gengival (Guia unificado de gengivectomia e ostectomia).<\/p>\t\t\t\t\t\t\t\t<\/div>\n\t\t\t\t<\/div>\n\t\t\t\t<\/div>\n\t\t<div class=\"elementor-element elementor-element-5ac9dece e-con-full e-flex e-con e-child\" data-id=\"5ac9dece\" data-element_type=\"container\" data-settings=\"{&quot;background_background&quot;:&quot;classic&quot;}\">\n\t\t<div class=\"elementor-element elementor-element-45976db0 e-flex e-con-boxed e-con e-child\" data-id=\"45976db0\" data-element_type=\"container\">\n\t\t\t\t\t<div class=\"e-con-inner\">\n\t\t\t\t<div class=\"elementor-element elementor-element-20306ab1 elementor-widget elementor-widget-image\" data-id=\"20306ab1\" data-element_type=\"widget\" data-widget_type=\"image.default\">\n\t\t\t\t<div class=\"elementor-widget-container\">\n\t\t\t\t\t\t\t\t\t\t\t\t\t\t\t<img fetchpriority=\"high\" decoding=\"async\" width=\"490\" height=\"736\" src=\"https:\/\/im3d.com.br\/wp-content\/uploads\/2024\/02\/imagem-periodontais.jpg\" class=\"attachment-large size-large wp-image-949\" alt=\"Guias cir\u00fargicos periodontais para corre\u00e7\u00e3o de sorriso gengival, com planejamento de gengivectomia e ostectomia, e uso de tomografia e enceramento virtual com Smile Cloud, Exocad ou DSD.\" srcset=\"https:\/\/im3d.com.br\/wp-content\/uploads\/2024\/02\/imagem-periodontais.jpg 490w, https:\/\/im3d.com.br\/wp-content\/uploads\/2024\/02\/imagem-periodontais-200x300.jpg 200w\" sizes=\"(max-width: 490px) 100vw, 490px\" \/>\t\t\t\t\t\t\t\t\t\t\t\t\t\t\t<\/div>\n\t\t\t\t<\/div>\n\t\t\t\t\t<\/div>\n\t\t\t\t<\/div>\n\t\t<div class=\"elementor-element elementor-element-7b7c7505 e-flex e-con-boxed e-con e-child\" data-id=\"7b7c7505\" data-element_type=\"container\">\n\t\t\t\t\t<div class=\"e-con-inner\">\n\t\t<div class=\"elementor-element elementor-element-31186667 e-flex e-con-boxed e-con e-child\" data-id=\"31186667\" data-element_type=\"container\">\n\t\t\t\t\t<div class=\"e-con-inner\">\n\t\t\t\t<div class=\"elementor-element elementor-element-6289c769 elementor-widget elementor-widget-heading\" data-id=\"6289c769\" data-element_type=\"widget\" data-widget_type=\"heading.default\">\n\t\t\t\t<div class=\"elementor-widget-container\">\n\t\t\t\t\t<h2 class=\"elementor-heading-title elementor-size-default\">Pontos Importantes para Planejamento Virtual do Novo Sorriso :<\/h2>\t\t\t\t<\/div>\n\t\t\t\t<\/div>\n\t\t\t\t<div class=\"elementor-element elementor-element-1abb2d99 elementor-widget elementor-widget-text-editor\" data-id=\"1abb2d99\" data-element_type=\"widget\" data-widget_type=\"text-editor.default\">\n\t\t\t\t<div class=\"elementor-widget-container\">\n\t\t\t\t\t\t\t\t\t<ul><li>Envio de Fotos Fontais e \u00be direita e esquerda do sorriso m\u00e1ximo;<\/li><li><p>Realiza\u00e7\u00e3o de tomografia computadorizada com m\u00e1xima qualidade e com afastamento labial;<\/p><\/li><li><p>Possibilidade de enceramento virtual com softwares de CAD (Smile Cloud, Exocad ou DSD 2 ou 3d).<\/p><\/li><\/ul>\t\t\t\t\t\t\t\t<\/div>\n\t\t\t\t<\/div>\n\t\t\t\t\t<\/div>\n\t\t\t\t<\/div>\n\t\t\t\t\t<\/div>\n\t\t\t\t<\/div>\n\t\t\t\t<\/div>\n\t\t<div class=\"elementor-element elementor-element-1a35ca43 e-con-full e-flex e-con e-child\" data-id=\"1a35ca43\" data-element_type=\"container\">\n\t\t\t\t<\/div>\n\t\t\t\t<\/div>\n\t\t\t\t<\/div>\n\t\t","protected":false},"excerpt":{"rendered":"<p>Guias Cir\u00fargicos Periodontais Planejamento e impress\u00e3o de guias para cirurgias periodontais de corre\u00e7\u00e3o de sorriso gengival (Guia unificado de gengivectomia e ostectomia). Pontos Importantes para Planejamento Virtual do Novo Sorriso : Envio de Fotos Fontais e \u00be direita e esquerda do sorriso m\u00e1ximo; Realiza\u00e7\u00e3o de tomografia computadorizada com m\u00e1xima qualidade e com afastamento labial; Possibilidade [&hellip;]<\/p>\n","protected":false},"author":1,"featured_media":0,"parent":0,"menu_order":0,"comment_status":"closed","ping_status":"closed","template":"","meta":{"footnotes":"","_joinchat":[]},"_links":{"self":[{"href":"https:\/\/im3d.com.br\/index.php\/wp-json\/wp\/v2\/pages\/399"}],"collection":[{"href":"https:\/\/im3d.com.br\/index.php\/wp-json\/wp\/v2\/pages"}],"about":[{"href":"https:\/\/im3d.com.br\/index.php\/wp-json\/wp\/v2\/types\/page"}],"author":[{"embeddable":true,"href":"https:\/\/im3d.com.br\/index.php\/wp-json\/wp\/v2\/users\/1"}],"replies":[{"embeddable":true,"href":"https:\/\/im3d.com.br\/index.php\/wp-json\/wp\/v2\/comments?post=399"}],"version-history":[{"count":43,"href":"https:\/\/im3d.com.br\/index.php\/wp-json\/wp\/v2\/pages\/399\/revisions"}],"predecessor-version":[{"id":1521,"href":"https:\/\/im3d.com.br\/index.php\/wp-json\/wp\/v2\/pages\/399\/revisions\/1521"}],"wp:attachment":[{"href":"https:\/\/im3d.com.br\/index.php\/wp-json\/wp\/v2\/media?parent=399"}],"curies":[{"name":"wp","href":"https:\/\/api.w.org\/{rel}","templated":true}]}}