{"id":397,"date":"2024-02-16T16:51:17","date_gmt":"2024-02-16T19:51:17","guid":{"rendered":"https:\/\/im3d.com.br\/?page_id=397"},"modified":"2024-11-07T15:59:06","modified_gmt":"2024-11-07T18:59:06","slug":"planejamentos-virtuais-em-implantodontia","status":"publish","type":"page","link":"https:\/\/im3d.com.br\/index.php\/planejamentos-virtuais-em-implantodontia\/","title":{"rendered":"Planejamentos Virtuais em Implantodontia e Reabilita\u00e7\u00e3o Oral"},"content":{"rendered":"\t\t<div data-elementor-type=\"wp-page\" data-elementor-id=\"397\" class=\"elementor elementor-397\" data-elementor-post-type=\"page\">\n\t\t\t\t<div class=\"elementor-element elementor-element-1c75f84f e-con-full e-flex e-con e-parent\" data-id=\"1c75f84f\" data-element_type=\"container\">\n\t\t<div class=\"elementor-element elementor-element-780b90f0 e-con-full e-flex e-con e-child\" data-id=\"780b90f0\" data-element_type=\"container\">\n\t\t\t\t<div class=\"elementor-element elementor-element-7277000e elementor-widget elementor-widget-heading\" data-id=\"7277000e\" data-element_type=\"widget\" data-widget_type=\"heading.default\">\n\t\t\t\t<div class=\"elementor-widget-container\">\n\t\t\t\t\t<h2 class=\"elementor-heading-title elementor-size-default\">Planejamento Virtual em Implantodontia e Reabilita\u00e7\u00e3o Oral<\/h2>\t\t\t\t<\/div>\n\t\t\t\t<\/div>\n\t\t\t\t<div class=\"elementor-element elementor-element-457ef50f elementor-widget-divider--view-line elementor-widget elementor-widget-divider\" data-id=\"457ef50f\" data-element_type=\"widget\" data-widget_type=\"divider.default\">\n\t\t\t\t<div class=\"elementor-widget-container\">\n\t\t\t\t\t\t\t<div class=\"elementor-divider\">\n\t\t\t<span class=\"elementor-divider-separator\">\n\t\t\t\t\t\t<\/span>\n\t\t<\/div>\n\t\t\t\t\t\t<\/div>\n\t\t\t\t<\/div>\n\t\t\t\t<div class=\"elementor-element elementor-element-510e03bb elementor-widget elementor-widget-text-editor\" data-id=\"510e03bb\" data-element_type=\"widget\" data-widget_type=\"text-editor.default\">\n\t\t\t\t<div class=\"elementor-widget-container\">\n\t\t\t\t\t\t\t\t\t<ul><li>Digitaliza\u00e7\u00e3o do Paciente e Montagem em Articulador Virtual.<\/li><li>Enceramento Virtual para Reabilita\u00e7\u00e3o Oral<\/li><\/ul>\t\t\t\t\t\t\t\t<\/div>\n\t\t\t\t<\/div>\n\t\t\t\t<\/div>\n\t\t<div class=\"elementor-element elementor-element-117c731a e-con-full e-flex e-con e-child\" data-id=\"117c731a\" data-element_type=\"container\" data-settings=\"{&quot;background_background&quot;:&quot;classic&quot;}\">\n\t\t<div class=\"elementor-element elementor-element-3957b3b6 e-flex e-con-boxed e-con e-child\" data-id=\"3957b3b6\" data-element_type=\"container\">\n\t\t\t\t\t<div class=\"e-con-inner\">\n\t\t\t\t<div class=\"elementor-element elementor-element-64cb8c3d elementor-widget elementor-widget-image\" data-id=\"64cb8c3d\" data-element_type=\"widget\" data-widget_type=\"image.default\">\n\t\t\t\t<div class=\"elementor-widget-container\">\n\t\t\t\t\t\t\t\t\t\t\t\t\t\t\t<img fetchpriority=\"high\" decoding=\"async\" width=\"490\" height=\"736\" src=\"https:\/\/im3d.com.br\/wp-content\/uploads\/2024\/04\/imagem-implantodontia.jpg\" class=\"attachment-large size-large wp-image-1270\" alt=\"Planejamento virtual em implantodontia e reabilita\u00e7\u00e3o oral, com digitaliza\u00e7\u00e3o do paciente, encadeamento de imagens DICOM e STLs, e comunica\u00e7\u00e3o avan\u00e7ada entre planner e CD.\" srcset=\"https:\/\/im3d.com.br\/wp-content\/uploads\/2024\/04\/imagem-implantodontia.jpg 490w, https:\/\/im3d.com.br\/wp-content\/uploads\/2024\/04\/imagem-implantodontia-200x300.jpg 200w\" sizes=\"(max-width: 490px) 100vw, 490px\" \/>\t\t\t\t\t\t\t\t\t\t\t\t\t\t\t<\/div>\n\t\t\t\t<\/div>\n\t\t\t\t\t<\/div>\n\t\t\t\t<\/div>\n\t\t<div class=\"elementor-element elementor-element-6186be49 e-flex e-con-boxed e-con e-child\" data-id=\"6186be49\" data-element_type=\"container\">\n\t\t\t\t\t<div class=\"e-con-inner\">\n\t\t<div class=\"elementor-element elementor-element-3cf07a13 e-flex e-con-boxed e-con e-child\" data-id=\"3cf07a13\" data-element_type=\"container\">\n\t\t\t\t\t<div class=\"e-con-inner\">\n\t\t\t\t<div class=\"elementor-element elementor-element-724338ee elementor-widget elementor-widget-heading\" data-id=\"724338ee\" data-element_type=\"widget\" data-widget_type=\"heading.default\">\n\t\t\t\t<div class=\"elementor-widget-container\">\n\t\t\t\t\t<h2 class=\"elementor-heading-title elementor-size-default\">Pontos Importantes Para o Planejamento:<\/h2>\t\t\t\t<\/div>\n\t\t\t\t<\/div>\n\t\t\t\t<div class=\"elementor-element elementor-element-49f93b4c elementor-widget elementor-widget-text-editor\" data-id=\"49f93b4c\" data-element_type=\"widget\" data-widget_type=\"text-editor.default\">\n\t\t\t\t<div class=\"elementor-widget-container\">\n\t\t\t\t\t\t\t\t\t<ul><li>Fotografias Intra e Extra-orais;<\/li><li>Arquivos DICOM (tomografia) e STLs (escaneamento);<\/li><li>Uni\u00e3o das Imagens Digitais transformando o Paciente Real em Digital;<\/li><li>Planejamento reverso da posi\u00e7\u00e3o 3D Ideal do Implante;<\/li><li>Possibilidade total de Comunica\u00e7\u00e3o e Discuss\u00e3o entre o &#8220;Planner&#8221; e CD.<\/li><\/ul>\t\t\t\t\t\t\t\t<\/div>\n\t\t\t\t<\/div>\n\t\t\t\t\t<\/div>\n\t\t\t\t<\/div>\n\t\t\t\t\t<\/div>\n\t\t\t\t<\/div>\n\t\t\t\t<\/div>\n\t\t<div class=\"elementor-element elementor-element-7ad34fa2 e-con-full e-flex e-con e-child\" data-id=\"7ad34fa2\" data-element_type=\"container\">\n\t\t\t\t<\/div>\n\t\t\t\t<\/div>\n\t\t\t\t<\/div>\n\t\t","protected":false},"excerpt":{"rendered":"<p>Planejamento Virtual em Implantodontia e Reabilita\u00e7\u00e3o Oral Digitaliza\u00e7\u00e3o do Paciente e Montagem em Articulador Virtual. Enceramento Virtual para Reabilita\u00e7\u00e3o Oral Pontos Importantes Para o Planejamento: Fotografias Intra e Extra-orais; Arquivos DICOM (tomografia) e STLs (escaneamento); Uni\u00e3o das Imagens Digitais transformando o Paciente Real em Digital; Planejamento reverso da posi\u00e7\u00e3o 3D Ideal do Implante; Possibilidade total [&hellip;]<\/p>\n","protected":false},"author":1,"featured_media":0,"parent":0,"menu_order":0,"comment_status":"closed","ping_status":"closed","template":"","meta":{"footnotes":"","_joinchat":[]},"_links":{"self":[{"href":"https:\/\/im3d.com.br\/index.php\/wp-json\/wp\/v2\/pages\/397"}],"collection":[{"href":"https:\/\/im3d.com.br\/index.php\/wp-json\/wp\/v2\/pages"}],"about":[{"href":"https:\/\/im3d.com.br\/index.php\/wp-json\/wp\/v2\/types\/page"}],"author":[{"embeddable":true,"href":"https:\/\/im3d.com.br\/index.php\/wp-json\/wp\/v2\/users\/1"}],"replies":[{"embeddable":true,"href":"https:\/\/im3d.com.br\/index.php\/wp-json\/wp\/v2\/comments?post=397"}],"version-history":[{"count":71,"href":"https:\/\/im3d.com.br\/index.php\/wp-json\/wp\/v2\/pages\/397\/revisions"}],"predecessor-version":[{"id":1509,"href":"https:\/\/im3d.com.br\/index.php\/wp-json\/wp\/v2\/pages\/397\/revisions\/1509"}],"wp:attachment":[{"href":"https:\/\/im3d.com.br\/index.php\/wp-json\/wp\/v2\/media?parent=397"}],"curies":[{"name":"wp","href":"https:\/\/api.w.org\/{rel}","templated":true}]}}