{"id":395,"date":"2024-02-16T16:50:28","date_gmt":"2024-02-16T19:50:28","guid":{"rendered":"https:\/\/im3d.com.br\/?page_id=395"},"modified":"2024-11-07T16:06:20","modified_gmt":"2024-11-07T19:06:20","slug":"planejamento-digital-em-cirurgia-ortognatica","status":"publish","type":"page","link":"https:\/\/im3d.com.br\/index.php\/planejamento-digital-em-cirurgia-ortognatica\/","title":{"rendered":"Planejamento Digital em Cirurgia Ortogn\u00e1tica"},"content":{"rendered":"\t\t<div data-elementor-type=\"wp-page\" data-elementor-id=\"395\" class=\"elementor elementor-395\" data-elementor-post-type=\"page\">\n\t\t\t\t<div class=\"elementor-element elementor-element-4059717b e-con-full e-flex e-con e-parent\" data-id=\"4059717b\" data-element_type=\"container\">\n\t\t<div class=\"elementor-element elementor-element-10b448b9 e-con-full e-flex e-con e-child\" data-id=\"10b448b9\" data-element_type=\"container\">\n\t\t\t\t<div class=\"elementor-element elementor-element-17de02f elementor-widget elementor-widget-heading\" data-id=\"17de02f\" data-element_type=\"widget\" data-widget_type=\"heading.default\">\n\t\t\t\t<div class=\"elementor-widget-container\">\n\t\t\t\t\t<h2 class=\"elementor-heading-title elementor-size-default\">Planejamento Digital em Cirurgia Ortogn\u00e1tica<\/h2>\t\t\t\t<\/div>\n\t\t\t\t<\/div>\n\t\t\t\t<div class=\"elementor-element elementor-element-5ee3ce5c elementor-widget-divider--view-line elementor-widget elementor-widget-divider\" data-id=\"5ee3ce5c\" data-element_type=\"widget\" data-widget_type=\"divider.default\">\n\t\t\t\t<div class=\"elementor-widget-container\">\n\t\t\t\t\t\t\t<div class=\"elementor-divider\">\n\t\t\t<span class=\"elementor-divider-separator\">\n\t\t\t\t\t\t<\/span>\n\t\t<\/div>\n\t\t\t\t\t\t<\/div>\n\t\t\t\t<\/div>\n\t\t\t\t<div class=\"elementor-element elementor-element-10e2304e elementor-widget elementor-widget-text-editor\" data-id=\"10e2304e\" data-element_type=\"widget\" data-widget_type=\"text-editor.default\">\n\t\t\t\t<div class=\"elementor-widget-container\">\n\t\t\t\t\t\t\t\t\t<p>Diagn\u00f3stico e planejamento cir\u00fargico virtual 3D de Deformidades Dentofaciais.<\/p>\t\t\t\t\t\t\t\t<\/div>\n\t\t\t\t<\/div>\n\t\t\t\t<\/div>\n\t\t<div class=\"elementor-element elementor-element-259a7467 e-con-full e-flex e-con e-child\" data-id=\"259a7467\" data-element_type=\"container\" data-settings=\"{&quot;background_background&quot;:&quot;classic&quot;}\">\n\t\t<div class=\"elementor-element elementor-element-43499ef1 e-flex e-con-boxed e-con e-child\" data-id=\"43499ef1\" data-element_type=\"container\">\n\t\t\t\t\t<div class=\"e-con-inner\">\n\t\t\t\t<div class=\"elementor-element elementor-element-5a6e6cc2 elementor-widget elementor-widget-image\" data-id=\"5a6e6cc2\" data-element_type=\"widget\" data-widget_type=\"image.default\">\n\t\t\t\t<div class=\"elementor-widget-container\">\n\t\t\t\t\t\t\t\t\t\t\t\t\t\t\t<img fetchpriority=\"high\" decoding=\"async\" width=\"490\" height=\"736\" src=\"https:\/\/im3d.com.br\/wp-content\/uploads\/2024\/04\/imagem-ortognatica.jpg\" class=\"attachment-large size-large wp-image-1194\" alt=\"Planejamento digital 3D de deformidades dentofaciais com envio de arquivos DICOM, fotos e an\u00e1lise facial, utilizando Dolphin Imaging\u00ae e impress\u00e3o de splints cir\u00fargicos e guias de mentoplastia.\" srcset=\"https:\/\/im3d.com.br\/wp-content\/uploads\/2024\/04\/imagem-ortognatica.jpg 490w, https:\/\/im3d.com.br\/wp-content\/uploads\/2024\/04\/imagem-ortognatica-200x300.jpg 200w\" sizes=\"(max-width: 490px) 100vw, 490px\" \/>\t\t\t\t\t\t\t\t\t\t\t\t\t\t\t<\/div>\n\t\t\t\t<\/div>\n\t\t\t\t\t<\/div>\n\t\t\t\t<\/div>\n\t\t<div class=\"elementor-element elementor-element-272a6d00 e-flex e-con-boxed e-con e-child\" data-id=\"272a6d00\" data-element_type=\"container\">\n\t\t\t\t\t<div class=\"e-con-inner\">\n\t\t<div class=\"elementor-element elementor-element-1cd3b69d e-flex e-con-boxed e-con e-child\" data-id=\"1cd3b69d\" data-element_type=\"container\">\n\t\t\t\t\t<div class=\"e-con-inner\">\n\t\t\t\t<div class=\"elementor-element elementor-element-4d5153e3 elementor-widget elementor-widget-heading\" data-id=\"4d5153e3\" data-element_type=\"widget\" data-widget_type=\"heading.default\">\n\t\t\t\t<div class=\"elementor-widget-container\">\n\t\t\t\t\t<h2 class=\"elementor-heading-title elementor-size-default\">Pontos Importantes Produtos :<\/h2>\t\t\t\t<\/div>\n\t\t\t\t<\/div>\n\t\t\t\t<div class=\"elementor-element elementor-element-480fa27d elementor-widget elementor-widget-text-editor\" data-id=\"480fa27d\" data-element_type=\"widget\" data-widget_type=\"text-editor.default\">\n\t\t\t\t<div class=\"elementor-widget-container\">\n\t\t\t\t\t\t\t\t\t<ul><li>Envio de arquivos DICOM da Face (G\u00e1bela \u00e0 osso Hi\u00f3ideo);<\/li><li><p>Envio de An\u00e1lise Facial e Fotos (Frontais, Sorriso, \u00be, Laterais D e E);<\/p><\/li><li><p>Planejamento em Software Dolphin Imaging\u00ae;<\/p><\/li><li><p>Impress\u00e3o de Splints Cir\u00fargicos Intermedi\u00e1rios e Finais;<\/p><\/li><li><p>Impress\u00e3o de Guias de Mentoplastia.<\/p><\/li><\/ul>\t\t\t\t\t\t\t\t<\/div>\n\t\t\t\t<\/div>\n\t\t\t\t\t<\/div>\n\t\t\t\t<\/div>\n\t\t\t\t\t<\/div>\n\t\t\t\t<\/div>\n\t\t\t\t<\/div>\n\t\t<div class=\"elementor-element elementor-element-507d82c1 e-con-full e-flex e-con e-child\" data-id=\"507d82c1\" data-element_type=\"container\">\n\t\t\t\t<div class=\"elementor-element elementor-element-13341bf1 elementor-widget elementor-widget-text-editor\" data-id=\"13341bf1\" data-element_type=\"widget\" data-widget_type=\"text-editor.default\">\n\t\t\t\t<div class=\"elementor-widget-container\">\n\t\t\t\t\t\t\t\t\t<p>Simula\u00e7\u00e3o de movimentos personalizados com previsibilidade dos resultados.<\/p>\t\t\t\t\t\t\t\t<\/div>\n\t\t\t\t<\/div>\n\t\t\t\t<\/div>\n\t\t\t\t<\/div>\n\t\t\t\t<\/div>\n\t\t","protected":false},"excerpt":{"rendered":"<p>Planejamento Digital em Cirurgia Ortogn\u00e1tica Diagn\u00f3stico e planejamento cir\u00fargico virtual 3D de Deformidades Dentofaciais. Pontos Importantes Produtos : Envio de arquivos DICOM da Face (G\u00e1bela \u00e0 osso Hi\u00f3ideo); Envio de An\u00e1lise Facial e Fotos (Frontais, Sorriso, \u00be, Laterais D e E); Planejamento em Software Dolphin Imaging\u00ae; Impress\u00e3o de Splints Cir\u00fargicos Intermedi\u00e1rios e Finais; Impress\u00e3o de [&hellip;]<\/p>\n","protected":false},"author":1,"featured_media":0,"parent":0,"menu_order":0,"comment_status":"closed","ping_status":"closed","template":"","meta":{"footnotes":"","_joinchat":[]},"_links":{"self":[{"href":"https:\/\/im3d.com.br\/index.php\/wp-json\/wp\/v2\/pages\/395"}],"collection":[{"href":"https:\/\/im3d.com.br\/index.php\/wp-json\/wp\/v2\/pages"}],"about":[{"href":"https:\/\/im3d.com.br\/index.php\/wp-json\/wp\/v2\/types\/page"}],"author":[{"embeddable":true,"href":"https:\/\/im3d.com.br\/index.php\/wp-json\/wp\/v2\/users\/1"}],"replies":[{"embeddable":true,"href":"https:\/\/im3d.com.br\/index.php\/wp-json\/wp\/v2\/comments?post=395"}],"version-history":[{"count":58,"href":"https:\/\/im3d.com.br\/index.php\/wp-json\/wp\/v2\/pages\/395\/revisions"}],"predecessor-version":[{"id":1530,"href":"https:\/\/im3d.com.br\/index.php\/wp-json\/wp\/v2\/pages\/395\/revisions\/1530"}],"wp:attachment":[{"href":"https:\/\/im3d.com.br\/index.php\/wp-json\/wp\/v2\/media?parent=395"}],"curies":[{"name":"wp","href":"https:\/\/api.w.org\/{rel}","templated":true}]}}