{"id":393,"date":"2024-02-16T16:50:09","date_gmt":"2024-02-16T19:50:09","guid":{"rendered":"https:\/\/im3d.com.br\/?page_id=393"},"modified":"2024-11-07T16:01:10","modified_gmt":"2024-11-07T19:01:10","slug":"coroas-provisorias-impressas","status":"publish","type":"page","link":"https:\/\/im3d.com.br\/index.php\/coroas-provisorias-impressas\/","title":{"rendered":"Coroas Provis\u00f3rias Impressas"},"content":{"rendered":"\t\t<div data-elementor-type=\"wp-page\" data-elementor-id=\"393\" class=\"elementor elementor-393\" data-elementor-post-type=\"page\">\n\t\t\t\t<div class=\"elementor-element elementor-element-2ebf00e e-con-full e-flex e-con e-parent\" data-id=\"2ebf00e\" data-element_type=\"container\">\n\t\t<div class=\"elementor-element elementor-element-3bb891e7 e-con-full e-flex e-con e-child\" data-id=\"3bb891e7\" data-element_type=\"container\">\n\t\t\t\t<div class=\"elementor-element elementor-element-48c46cf9 elementor-widget elementor-widget-heading\" data-id=\"48c46cf9\" data-element_type=\"widget\" data-widget_type=\"heading.default\">\n\t\t\t\t<div class=\"elementor-widget-container\">\n\t\t\t\t\t<h2 class=\"elementor-heading-title elementor-size-default\">Coroas Provis\u00f3rias Impressas<\/h2>\t\t\t\t<\/div>\n\t\t\t\t<\/div>\n\t\t\t\t<div class=\"elementor-element elementor-element-2b544bb2 elementor-widget-divider--view-line elementor-widget elementor-widget-divider\" data-id=\"2b544bb2\" data-element_type=\"widget\" data-widget_type=\"divider.default\">\n\t\t\t\t<div class=\"elementor-widget-container\">\n\t\t\t\t\t\t\t<div class=\"elementor-divider\">\n\t\t\t<span class=\"elementor-divider-separator\">\n\t\t\t\t\t\t<\/span>\n\t\t<\/div>\n\t\t\t\t\t\t<\/div>\n\t\t\t\t<\/div>\n\t\t\t\t<div class=\"elementor-element elementor-element-7cdc8ea8 elementor-widget elementor-widget-text-editor\" data-id=\"7cdc8ea8\" data-element_type=\"widget\" data-widget_type=\"text-editor.default\">\n\t\t\t\t<div class=\"elementor-widget-container\">\n\t\t\t\t\t\t\t\t\t<p>Coroas sobre implantes planejadas para captura imediata.<\/p>\t\t\t\t\t\t\t\t<\/div>\n\t\t\t\t<\/div>\n\t\t\t\t<\/div>\n\t\t<div class=\"elementor-element elementor-element-1ad9458d e-con-full e-flex e-con e-child\" data-id=\"1ad9458d\" data-element_type=\"container\" data-settings=\"{&quot;background_background&quot;:&quot;classic&quot;}\">\n\t\t<div class=\"elementor-element elementor-element-2e7d5876 e-flex e-con-boxed e-con e-child\" data-id=\"2e7d5876\" data-element_type=\"container\">\n\t\t\t\t\t<div class=\"e-con-inner\">\n\t\t\t\t<div class=\"elementor-element elementor-element-453ce152 elementor-widget elementor-widget-image\" data-id=\"453ce152\" data-element_type=\"widget\" data-widget_type=\"image.default\">\n\t\t\t\t<div class=\"elementor-widget-container\">\n\t\t\t\t\t\t\t\t\t\t\t\t\t\t\t<img fetchpriority=\"high\" decoding=\"async\" width=\"490\" height=\"736\" src=\"https:\/\/im3d.com.br\/wp-content\/uploads\/2024\/02\/imagem-coroas.jpg\" class=\"attachment-large size-large wp-image-953\" alt=\"Coroas provis\u00f3rias impressas para implantes, com est\u00e9tica personalizada, resinas de alta resist\u00eancia e compatibilidade com diversos sistemas de implantes e componentes prot\u00e9ticos.\" srcset=\"https:\/\/im3d.com.br\/wp-content\/uploads\/2024\/02\/imagem-coroas.jpg 490w, https:\/\/im3d.com.br\/wp-content\/uploads\/2024\/02\/imagem-coroas-200x300.jpg 200w\" sizes=\"(max-width: 490px) 100vw, 490px\" \/>\t\t\t\t\t\t\t\t\t\t\t\t\t\t\t<\/div>\n\t\t\t\t<\/div>\n\t\t\t\t\t<\/div>\n\t\t\t\t<\/div>\n\t\t<div class=\"elementor-element elementor-element-740f6bd e-flex e-con-boxed e-con e-child\" data-id=\"740f6bd\" data-element_type=\"container\">\n\t\t\t\t\t<div class=\"e-con-inner\">\n\t\t<div class=\"elementor-element elementor-element-4a784f7a e-con-full e-flex e-con e-child\" data-id=\"4a784f7a\" data-element_type=\"container\">\n\t\t\t\t<div class=\"elementor-element elementor-element-4988fe90 elementor-widget elementor-widget-heading\" data-id=\"4988fe90\" data-element_type=\"widget\" data-widget_type=\"heading.default\">\n\t\t\t\t<div class=\"elementor-widget-container\">\n\t\t\t\t\t<h2 class=\"elementor-heading-title elementor-size-default\">Pontos Importantes :<\/h2>\t\t\t\t<\/div>\n\t\t\t\t<\/div>\n\t\t\t\t<div class=\"elementor-element elementor-element-425e3804 elementor-widget elementor-widget-text-editor\" data-id=\"425e3804\" data-element_type=\"widget\" data-widget_type=\"text-editor.default\">\n\t\t\t\t<div class=\"elementor-widget-container\">\n\t\t\t\t\t\t\t\t\t<ul><li>Impressas em diferentes cores de acordo com est\u00e9tica individual do paciente;<\/li><li><p>Resinas com elevada resist\u00eancia e polidez;<\/p><\/li><li><p>Compatibilidade com diversos sistemas de implantes e componentes prot\u00e9ticos;<\/p><\/li><li>Se poss\u00edvel, envio de fotos do paciente (Sorriso e Repouso).<\/li><\/ul>\t\t\t\t\t\t\t\t<\/div>\n\t\t\t\t<\/div>\n\t\t\t\t<\/div>\n\t\t\t\t\t<\/div>\n\t\t\t\t<\/div>\n\t\t\t\t<\/div>\n\t\t<div class=\"elementor-element elementor-element-22fa442e e-con-full e-flex e-con e-child\" data-id=\"22fa442e\" data-element_type=\"container\">\n\t\t\t\t<div class=\"elementor-element elementor-element-2dd9d271 elementor-widget elementor-widget-text-editor\" data-id=\"2dd9d271\" data-element_type=\"widget\" data-widget_type=\"text-editor.default\">\n\t\t\t\t<div class=\"elementor-widget-container\">\n\t\t\t\t\t\t\t\t\t<p>Coroas provis\u00f3rias com aletas linguais (adesivas) para cimenta\u00e7\u00e3o em casos de implantes sem carga imediata.<\/p>\t\t\t\t\t\t\t\t<\/div>\n\t\t\t\t<\/div>\n\t\t\t\t<\/div>\n\t\t\t\t<\/div>\n\t\t\t\t<\/div>\n\t\t","protected":false},"excerpt":{"rendered":"<p>Coroas Provis\u00f3rias Impressas Coroas sobre implantes planejadas para captura imediata. Pontos Importantes : Impressas em diferentes cores de acordo com est\u00e9tica individual do paciente; Resinas com elevada resist\u00eancia e polidez; Compatibilidade com diversos sistemas de implantes e componentes prot\u00e9ticos; Se poss\u00edvel, envio de fotos do paciente (Sorriso e Repouso). Coroas provis\u00f3rias com aletas linguais (adesivas) [&hellip;]<\/p>\n","protected":false},"author":1,"featured_media":0,"parent":0,"menu_order":0,"comment_status":"closed","ping_status":"closed","template":"","meta":{"footnotes":"","_joinchat":[]},"_links":{"self":[{"href":"https:\/\/im3d.com.br\/index.php\/wp-json\/wp\/v2\/pages\/393"}],"collection":[{"href":"https:\/\/im3d.com.br\/index.php\/wp-json\/wp\/v2\/pages"}],"about":[{"href":"https:\/\/im3d.com.br\/index.php\/wp-json\/wp\/v2\/types\/page"}],"author":[{"embeddable":true,"href":"https:\/\/im3d.com.br\/index.php\/wp-json\/wp\/v2\/users\/1"}],"replies":[{"embeddable":true,"href":"https:\/\/im3d.com.br\/index.php\/wp-json\/wp\/v2\/comments?post=393"}],"version-history":[{"count":67,"href":"https:\/\/im3d.com.br\/index.php\/wp-json\/wp\/v2\/pages\/393\/revisions"}],"predecessor-version":[{"id":1515,"href":"https:\/\/im3d.com.br\/index.php\/wp-json\/wp\/v2\/pages\/393\/revisions\/1515"}],"wp:attachment":[{"href":"https:\/\/im3d.com.br\/index.php\/wp-json\/wp\/v2\/media?parent=393"}],"curies":[{"name":"wp","href":"https:\/\/api.w.org\/{rel}","templated":true}]}}