{"id":391,"date":"2024-02-16T16:49:41","date_gmt":"2024-02-16T19:49:41","guid":{"rendered":"https:\/\/im3d.com.br\/?page_id=391"},"modified":"2024-11-07T16:00:04","modified_gmt":"2024-11-07T19:00:04","slug":"guias-cirurgicos-para-implantes","status":"publish","type":"page","link":"https:\/\/im3d.com.br\/index.php\/guias-cirurgicos-para-implantes\/","title":{"rendered":"Guias Cir\u00fargicos para Implantes"},"content":{"rendered":"\t\t<div data-elementor-type=\"wp-page\" data-elementor-id=\"391\" class=\"elementor elementor-391\" data-elementor-post-type=\"page\">\n\t\t\t\t<div class=\"elementor-element elementor-element-2096b42 e-con-full e-flex e-con e-parent\" data-id=\"2096b42\" data-element_type=\"container\">\n\t\t<div class=\"elementor-element elementor-element-57428a69 e-con-full e-flex e-con e-child\" data-id=\"57428a69\" data-element_type=\"container\">\n\t\t\t\t<div class=\"elementor-element elementor-element-56389233 elementor-widget elementor-widget-heading\" data-id=\"56389233\" data-element_type=\"widget\" data-widget_type=\"heading.default\">\n\t\t\t\t<div class=\"elementor-widget-container\">\n\t\t\t\t\t<h2 class=\"elementor-heading-title elementor-size-default\">Guias Cir\u00fargicos para Implantes<\/h2>\t\t\t\t<\/div>\n\t\t\t\t<\/div>\n\t\t\t\t<div class=\"elementor-element elementor-element-4011dcdb elementor-widget-divider--view-line elementor-widget elementor-widget-divider\" data-id=\"4011dcdb\" data-element_type=\"widget\" data-widget_type=\"divider.default\">\n\t\t\t\t<div class=\"elementor-widget-container\">\n\t\t\t\t\t\t\t<div class=\"elementor-divider\">\n\t\t\t<span class=\"elementor-divider-separator\">\n\t\t\t\t\t\t<\/span>\n\t\t<\/div>\n\t\t\t\t\t\t<\/div>\n\t\t\t\t<\/div>\n\t\t\t\t<div class=\"elementor-element elementor-element-758dc1a0 elementor-widget elementor-widget-text-editor\" data-id=\"758dc1a0\" data-element_type=\"widget\" data-widget_type=\"text-editor.default\">\n\t\t\t\t<div class=\"elementor-widget-container\">\n\t\t\t\t\t\t\t\t\t<ul><li>Planejamento e execu\u00e7\u00e3o de guias impressas para execu\u00e7\u00e3o de cirurgias r\u00e1pidas e precisas;<\/li><li>Softwares de planejamento (Exoplan, Codiagnostix e Blue Sky).<\/li><\/ul>\t\t\t\t\t\t\t\t<\/div>\n\t\t\t\t<\/div>\n\t\t\t\t<\/div>\n\t\t<div class=\"elementor-element elementor-element-558ff8f7 e-con-full e-flex e-con e-child\" data-id=\"558ff8f7\" data-element_type=\"container\" data-settings=\"{&quot;background_background&quot;:&quot;classic&quot;}\">\n\t\t<div class=\"elementor-element elementor-element-e03d76e e-flex e-con-boxed e-con e-child\" data-id=\"e03d76e\" data-element_type=\"container\">\n\t\t\t\t\t<div class=\"e-con-inner\">\n\t\t\t\t<div class=\"elementor-element elementor-element-49d6a3b3 elementor-widget elementor-widget-image\" data-id=\"49d6a3b3\" data-element_type=\"widget\" data-widget_type=\"image.default\">\n\t\t\t\t<div class=\"elementor-widget-container\">\n\t\t\t\t\t\t\t\t\t\t\t\t\t\t\t<img fetchpriority=\"high\" decoding=\"async\" width=\"490\" height=\"736\" src=\"https:\/\/im3d.com.br\/wp-content\/uploads\/2024\/02\/imagem-implantes.jpg\" class=\"attachment-large size-large wp-image-961\" alt=\"Guias cir\u00fargicos para implantes com planejamento e execu\u00e7\u00e3o precisos, utilizando softwares como Exoplan, Codiagnostix e Blue Sky, e arquivos DICOM e STL para tomografia e escaneamento.\" srcset=\"https:\/\/im3d.com.br\/wp-content\/uploads\/2024\/02\/imagem-implantes.jpg 490w, https:\/\/im3d.com.br\/wp-content\/uploads\/2024\/02\/imagem-implantes-200x300.jpg 200w\" sizes=\"(max-width: 490px) 100vw, 490px\" \/>\t\t\t\t\t\t\t\t\t\t\t\t\t\t\t<\/div>\n\t\t\t\t<\/div>\n\t\t\t\t\t<\/div>\n\t\t\t\t<\/div>\n\t\t<div class=\"elementor-element elementor-element-4488a361 e-flex e-con-boxed e-con e-child\" data-id=\"4488a361\" data-element_type=\"container\">\n\t\t\t\t\t<div class=\"e-con-inner\">\n\t\t<div class=\"elementor-element elementor-element-5549c644 e-flex e-con-boxed e-con e-child\" data-id=\"5549c644\" data-element_type=\"container\">\n\t\t\t\t\t<div class=\"e-con-inner\">\n\t\t\t\t<div class=\"elementor-element elementor-element-4f295cd0 elementor-widget elementor-widget-heading\" data-id=\"4f295cd0\" data-element_type=\"widget\" data-widget_type=\"heading.default\">\n\t\t\t\t<div class=\"elementor-widget-container\">\n\t\t\t\t\t<h2 class=\"elementor-heading-title elementor-size-default\">Pontos Importantes para Planejamento:<\/h2>\t\t\t\t<\/div>\n\t\t\t\t<\/div>\n\t\t\t\t<div class=\"elementor-element elementor-element-18d583b1 elementor-widget elementor-widget-text-editor\" data-id=\"18d583b1\" data-element_type=\"widget\" data-widget_type=\"text-editor.default\">\n\t\t\t\t<div class=\"elementor-widget-container\">\n\t\t\t\t\t\t\t\t\t<ul><li>Envio de arquivos DICOM (tomografia) e STL (escaneamento das arcadas com registro de mordida);<\/li><li><p>Solicita\u00e7\u00e3o de tomografias de arcada inteira (incluindo tuberosidades) e com afastamento labial;<\/p><\/li><li><p>Qualidade M\u00e1xima da Tomografia;<\/p><\/li><li>Defini\u00e7\u00e3o do Tipo de Reabilita\u00e7\u00e3o (unit\u00e1ria, parcial, total, local e n\u00famero de implantes);<\/li><li><p>Defini\u00e7\u00e3o do Sistema de Implante a ser Utilizado.<\/p><\/li><\/ul>\t\t\t\t\t\t\t\t<\/div>\n\t\t\t\t<\/div>\n\t\t\t\t\t<\/div>\n\t\t\t\t<\/div>\n\t\t\t\t\t<\/div>\n\t\t\t\t<\/div>\n\t\t\t\t<\/div>\n\t\t<div class=\"elementor-element elementor-element-2dabe4a2 e-con-full e-flex e-con e-child\" data-id=\"2dabe4a2\" data-element_type=\"container\">\n\t\t\t\t<div class=\"elementor-element elementor-element-49dc5239 elementor-widget elementor-widget-text-editor\" data-id=\"49dc5239\" data-element_type=\"widget\" data-widget_type=\"text-editor.default\">\n\t\t\t\t<div class=\"elementor-widget-container\">\n\t\t\t\t\t\t\t\t\t<p>Compatibilidade com todos os sistemas de implantes.<\/p>\t\t\t\t\t\t\t\t<\/div>\n\t\t\t\t<\/div>\n\t\t\t\t<\/div>\n\t\t\t\t<\/div>\n\t\t\t\t<\/div>\n\t\t","protected":false},"excerpt":{"rendered":"<p>Guias Cir\u00fargicos para Implantes Planejamento e execu\u00e7\u00e3o de guias impressas para execu\u00e7\u00e3o de cirurgias r\u00e1pidas e precisas; Softwares de planejamento (Exoplan, Codiagnostix e Blue Sky). Pontos Importantes para Planejamento: Envio de arquivos DICOM (tomografia) e STL (escaneamento das arcadas com registro de mordida); Solicita\u00e7\u00e3o de tomografias de arcada inteira (incluindo tuberosidades) e com afastamento labial; [&hellip;]<\/p>\n","protected":false},"author":1,"featured_media":0,"parent":0,"menu_order":0,"comment_status":"closed","ping_status":"closed","template":"","meta":{"footnotes":"","_joinchat":[]},"_links":{"self":[{"href":"https:\/\/im3d.com.br\/index.php\/wp-json\/wp\/v2\/pages\/391"}],"collection":[{"href":"https:\/\/im3d.com.br\/index.php\/wp-json\/wp\/v2\/pages"}],"about":[{"href":"https:\/\/im3d.com.br\/index.php\/wp-json\/wp\/v2\/types\/page"}],"author":[{"embeddable":true,"href":"https:\/\/im3d.com.br\/index.php\/wp-json\/wp\/v2\/users\/1"}],"replies":[{"embeddable":true,"href":"https:\/\/im3d.com.br\/index.php\/wp-json\/wp\/v2\/comments?post=391"}],"version-history":[{"count":58,"href":"https:\/\/im3d.com.br\/index.php\/wp-json\/wp\/v2\/pages\/391\/revisions"}],"predecessor-version":[{"id":1512,"href":"https:\/\/im3d.com.br\/index.php\/wp-json\/wp\/v2\/pages\/391\/revisions\/1512"}],"wp:attachment":[{"href":"https:\/\/im3d.com.br\/index.php\/wp-json\/wp\/v2\/media?parent=391"}],"curies":[{"name":"wp","href":"https:\/\/api.w.org\/{rel}","templated":true}]}}