{"id":326,"date":"2024-02-16T16:11:09","date_gmt":"2024-02-16T19:11:09","guid":{"rendered":"https:\/\/im3d.com.br\/?page_id=326"},"modified":"2024-11-07T16:04:21","modified_gmt":"2024-11-07T19:04:21","slug":"scaneamento-intra-orais-e-de-modelos","status":"publish","type":"page","link":"https:\/\/im3d.com.br\/index.php\/scaneamento-intra-orais-e-de-modelos\/","title":{"rendered":"Scaneamento Intra-orais e de Modelos"},"content":{"rendered":"\t\t<div data-elementor-type=\"wp-page\" data-elementor-id=\"326\" class=\"elementor elementor-326\" data-elementor-post-type=\"page\">\n\t\t\t\t<div class=\"elementor-element elementor-element-7a3a35f e-con-full e-flex e-con e-parent\" data-id=\"7a3a35f\" data-element_type=\"container\">\n\t\t<div class=\"elementor-element elementor-element-5f1daf0 e-con-full e-flex e-con e-child\" data-id=\"5f1daf0\" data-element_type=\"container\">\n\t\t\t\t<div class=\"elementor-element elementor-element-04ee347 elementor-widget elementor-widget-heading\" data-id=\"04ee347\" data-element_type=\"widget\" data-widget_type=\"heading.default\">\n\t\t\t\t<div class=\"elementor-widget-container\">\n\t\t\t\t\t<h2 class=\"elementor-heading-title elementor-size-default\">Scaneamento Intra-orais e de Modelos<\/h2>\t\t\t\t<\/div>\n\t\t\t\t<\/div>\n\t\t\t\t<div class=\"elementor-element elementor-element-e940986 elementor-widget-divider--view-line elementor-widget elementor-widget-divider\" data-id=\"e940986\" data-element_type=\"widget\" data-widget_type=\"divider.default\">\n\t\t\t\t<div class=\"elementor-widget-container\">\n\t\t\t\t\t\t\t<div class=\"elementor-divider\">\n\t\t\t<span class=\"elementor-divider-separator\">\n\t\t\t\t\t\t<\/span>\n\t\t<\/div>\n\t\t\t\t\t\t<\/div>\n\t\t\t\t<\/div>\n\t\t\t\t<div class=\"elementor-element elementor-element-717b76e elementor-widget elementor-widget-text-editor\" data-id=\"717b76e\" data-element_type=\"widget\" data-widget_type=\"text-editor.default\">\n\t\t\t\t<div class=\"elementor-widget-container\">\n\t\t\t\t\t\t\t\t\t<p>Digitaliza\u00e7\u00e3o de modelos e Scan Service (Escaneamento em consult\u00f3rios de dentistas parceiros).<\/p>\t\t\t\t\t\t\t\t<\/div>\n\t\t\t\t<\/div>\n\t\t\t\t<\/div>\n\t\t<div class=\"elementor-element elementor-element-edcb7fb e-con-full e-flex e-con e-child\" data-id=\"edcb7fb\" data-element_type=\"container\" data-settings=\"{&quot;background_background&quot;:&quot;classic&quot;}\">\n\t\t<div class=\"elementor-element elementor-element-9f864da e-flex e-con-boxed e-con e-child\" data-id=\"9f864da\" data-element_type=\"container\">\n\t\t\t\t\t<div class=\"e-con-inner\">\n\t\t\t\t<div class=\"elementor-element elementor-element-9b987a0 elementor-widget elementor-widget-image\" data-id=\"9b987a0\" data-element_type=\"widget\" data-widget_type=\"image.default\">\n\t\t\t\t<div class=\"elementor-widget-container\">\n\t\t\t\t\t\t\t\t\t\t\t\t\t\t\t<img fetchpriority=\"high\" decoding=\"async\" width=\"490\" height=\"736\" src=\"https:\/\/im3d.com.br\/wp-content\/uploads\/2024\/04\/imagem-scaneamento-2.jpg\" class=\"attachment-large size-large wp-image-1117\" alt=\"Digitaliza\u00e7\u00e3o de modelos e escaneamento intraoral com scanners Trios 3 3Shape e Omnicam AF Dentsply Sirona, realizados em consult\u00f3rios de dentistas parceiros.\" srcset=\"https:\/\/im3d.com.br\/wp-content\/uploads\/2024\/04\/imagem-scaneamento-2.jpg 490w, https:\/\/im3d.com.br\/wp-content\/uploads\/2024\/04\/imagem-scaneamento-2-200x300.jpg 200w\" sizes=\"(max-width: 490px) 100vw, 490px\" \/>\t\t\t\t\t\t\t\t\t\t\t\t\t\t\t<\/div>\n\t\t\t\t<\/div>\n\t\t\t\t\t<\/div>\n\t\t\t\t<\/div>\n\t\t<div class=\"elementor-element elementor-element-28afe95 e-flex e-con-boxed e-con e-child\" data-id=\"28afe95\" data-element_type=\"container\">\n\t\t\t\t\t<div class=\"e-con-inner\">\n\t\t<div class=\"elementor-element elementor-element-f2b0121 e-flex e-con-boxed e-con e-child\" data-id=\"f2b0121\" data-element_type=\"container\">\n\t\t\t\t\t<div class=\"e-con-inner\">\n\t\t\t\t<div class=\"elementor-element elementor-element-34a4ed9 elementor-widget elementor-widget-heading\" data-id=\"34a4ed9\" data-element_type=\"widget\" data-widget_type=\"heading.default\">\n\t\t\t\t<div class=\"elementor-widget-container\">\n\t\t\t\t\t<h2 class=\"elementor-heading-title elementor-size-default\">Equipamentos E Software :<\/h2>\t\t\t\t<\/div>\n\t\t\t\t<\/div>\n\t\t\t\t<div class=\"elementor-element elementor-element-9f3c211 elementor-widget elementor-widget-text-editor\" data-id=\"9f3c211\" data-element_type=\"widget\" data-widget_type=\"text-editor.default\">\n\t\t\t\t<div class=\"elementor-widget-container\">\n\t\t\t\t\t\t\t\t\t<ul><li>Scanner Intraoral Trios 3 3shape;<\/li><li>Scanner Intraoral Omnicam AF Dentisply Sirona.<\/li><\/ul>\t\t\t\t\t\t\t\t<\/div>\n\t\t\t\t<\/div>\n\t\t\t\t\t<\/div>\n\t\t\t\t<\/div>\n\t\t\t\t\t<\/div>\n\t\t\t\t<\/div>\n\t\t\t\t<\/div>\n\t\t<div class=\"elementor-element elementor-element-604f5fd e-con-full e-flex e-con e-child\" data-id=\"604f5fd\" data-element_type=\"container\">\n\t\t\t\t<div class=\"elementor-element elementor-element-20d95d2 elementor-widget elementor-widget-text-editor\" data-id=\"20d95d2\" data-element_type=\"widget\" data-widget_type=\"text-editor.default\">\n\t\t\t\t<div class=\"elementor-widget-container\">\n\t\t\t\t\t\t\t\t\t<p>Exporta\u00e7\u00e3o de arquivos STL e PLY.<\/p>\t\t\t\t\t\t\t\t<\/div>\n\t\t\t\t<\/div>\n\t\t\t\t<\/div>\n\t\t\t\t<\/div>\n\t\t\t\t<\/div>\n\t\t","protected":false},"excerpt":{"rendered":"<p>Scaneamento Intra-orais e de Modelos Digitaliza\u00e7\u00e3o de modelos e Scan Service (Escaneamento em consult\u00f3rios de dentistas parceiros). Equipamentos E Software : Scanner Intraoral Trios 3 3shape; Scanner Intraoral Omnicam AF Dentisply Sirona. Exporta\u00e7\u00e3o de arquivos STL e PLY.<\/p>\n","protected":false},"author":1,"featured_media":0,"parent":0,"menu_order":0,"comment_status":"closed","ping_status":"closed","template":"elementor_theme","meta":{"footnotes":"","_joinchat":[]},"_links":{"self":[{"href":"https:\/\/im3d.com.br\/index.php\/wp-json\/wp\/v2\/pages\/326"}],"collection":[{"href":"https:\/\/im3d.com.br\/index.php\/wp-json\/wp\/v2\/pages"}],"about":[{"href":"https:\/\/im3d.com.br\/index.php\/wp-json\/wp\/v2\/types\/page"}],"author":[{"embeddable":true,"href":"https:\/\/im3d.com.br\/index.php\/wp-json\/wp\/v2\/users\/1"}],"replies":[{"embeddable":true,"href":"https:\/\/im3d.com.br\/index.php\/wp-json\/wp\/v2\/comments?post=326"}],"version-history":[{"count":88,"href":"https:\/\/im3d.com.br\/index.php\/wp-json\/wp\/v2\/pages\/326\/revisions"}],"predecessor-version":[{"id":1524,"href":"https:\/\/im3d.com.br\/index.php\/wp-json\/wp\/v2\/pages\/326\/revisions\/1524"}],"wp:attachment":[{"href":"https:\/\/im3d.com.br\/index.php\/wp-json\/wp\/v2\/media?parent=326"}],"curies":[{"name":"wp","href":"https:\/\/api.w.org\/{rel}","templated":true}]}}