{"id":1541,"date":"2024-12-16T19:44:11","date_gmt":"2024-12-16T22:44:11","guid":{"rendered":"https:\/\/im3d.com.br\/?page_id=1541"},"modified":"2025-01-28T18:40:41","modified_gmt":"2025-01-28T21:40:41","slug":"cirurgia-guiada","status":"publish","type":"page","link":"https:\/\/im3d.com.br\/index.php\/cirurgia-guiada\/","title":{"rendered":"Cirurgia Guiada"},"content":{"rendered":"\t\t<div data-elementor-type=\"wp-page\" data-elementor-id=\"1541\" class=\"elementor elementor-1541\" data-elementor-post-type=\"page\">\n\t\t\t\t<div class=\"elementor-element elementor-element-6642dac0 e-con-full e-flex e-con e-parent\" data-id=\"6642dac0\" data-element_type=\"container\">\n\t\t<div class=\"elementor-element elementor-element-892c52c e-con-full e-flex e-con e-child\" data-id=\"892c52c\" data-element_type=\"container\">\n\t\t\t\t<div class=\"elementor-element elementor-element-49e3163e elementor-widget elementor-widget-heading\" data-id=\"49e3163e\" data-element_type=\"widget\" data-widget_type=\"heading.default\">\n\t\t\t\t<div class=\"elementor-widget-container\">\n\t\t\t\t\t<h2 class=\"elementor-heading-title elementor-size-default\">Solicita\u00e7\u00e3o de Planejamento para Cirurgia Guiada<\/h2>\t\t\t\t<\/div>\n\t\t\t\t<\/div>\n\t\t\t\t<div class=\"elementor-element elementor-element-49252210 elementor-widget-divider--view-line elementor-widget elementor-widget-divider\" data-id=\"49252210\" data-element_type=\"widget\" data-widget_type=\"divider.default\">\n\t\t\t\t<div class=\"elementor-widget-container\">\n\t\t\t\t\t\t\t<div class=\"elementor-divider\">\n\t\t\t<span class=\"elementor-divider-separator\">\n\t\t\t\t\t\t<\/span>\n\t\t<\/div>\n\t\t\t\t\t\t<\/div>\n\t\t\t\t<\/div>\n\t\t\t\t<div class=\"elementor-element elementor-element-356b62e0 elementor-widget elementor-widget-text-editor\" data-id=\"356b62e0\" data-element_type=\"widget\" data-widget_type=\"text-editor.default\">\n\t\t\t\t<div class=\"elementor-widget-container\">\n\t\t\t\t\t\t\t\t\t<p>As perguntas abaixo s\u00e3o de fundamental import\u00e2ncia para o planejamento. Favor seja o mais preciso poss\u00edvel.<\/p>\t\t\t\t\t\t\t\t<\/div>\n\t\t\t\t<\/div>\n\t\t\t\t<\/div>\n\t\t<div class=\"elementor-element elementor-element-1d44cf19 e-con-full e-flex e-con e-child\" data-id=\"1d44cf19\" data-element_type=\"container\" data-settings=\"{&quot;background_background&quot;:&quot;classic&quot;}\">\n\t\t<div class=\"elementor-element elementor-element-5547442f e-flex e-con-boxed e-con e-child\" data-id=\"5547442f\" data-element_type=\"container\">\n\t\t\t\t\t<div class=\"e-con-inner\">\n\t\t\t\t<div class=\"elementor-element elementor-element-1068485d elementor-widget elementor-widget-image\" data-id=\"1068485d\" data-element_type=\"widget\" data-widget_type=\"image.default\">\n\t\t\t\t<div class=\"elementor-widget-container\">\n\t\t\t\t\t\t\t\t\t\t\t\t\t\t\t<img fetchpriority=\"high\" decoding=\"async\" width=\"740\" height=\"696\" src=\"https:\/\/im3d.com.br\/wp-content\/uploads\/2024\/12\/mensagem-formulario.jpg\" class=\"attachment-large size-large wp-image-1545\" alt=\"\" srcset=\"https:\/\/im3d.com.br\/wp-content\/uploads\/2024\/12\/mensagem-formulario.jpg 740w, https:\/\/im3d.com.br\/wp-content\/uploads\/2024\/12\/mensagem-formulario-300x282.jpg 300w\" sizes=\"(max-width: 740px) 100vw, 740px\" \/>\t\t\t\t\t\t\t\t\t\t\t\t\t\t\t<\/div>\n\t\t\t\t<\/div>\n\t\t\t\t\t<\/div>\n\t\t\t\t<\/div>\n\t\t<div class=\"elementor-element elementor-element-78a257c2 e-flex e-con-boxed e-con e-child\" data-id=\"78a257c2\" data-element_type=\"container\">\n\t\t\t\t\t<div class=\"e-con-inner\">\n\t\t<div class=\"elementor-element elementor-element-63e6e01c e-flex e-con-boxed e-con e-child\" data-id=\"63e6e01c\" data-element_type=\"container\">\n\t\t\t\t\t<div class=\"e-con-inner\">\n\t\t\t\t<div class=\"elementor-element elementor-element-7ed7be00 elementor-widget elementor-widget-heading\" data-id=\"7ed7be00\" data-element_type=\"widget\" data-widget_type=\"heading.default\">\n\t\t\t\t<div class=\"elementor-widget-container\">\n\t\t\t\t\t<h2 class=\"elementor-heading-title elementor-size-default\">Caso deseje solicitar urg\u00eancia, marcar no campo abaixo. Analisaremos a viabilidade de acordo com a demanda e a complexidade do caso. <\/h2>\t\t\t\t<\/div>\n\t\t\t\t<\/div>\n\t\t\t\t<div class=\"elementor-element elementor-element-67a32e26 elementor-button-align-stretch elementor-widget elementor-widget-form\" data-id=\"67a32e26\" data-element_type=\"widget\" data-settings=\"{&quot;step_next_label&quot;:&quot;Next&quot;,&quot;step_previous_label&quot;:&quot;Previous&quot;,&quot;button_width&quot;:&quot;33&quot;,&quot;step_type&quot;:&quot;number_text&quot;,&quot;step_icon_shape&quot;:&quot;circle&quot;}\" data-widget_type=\"form.default\">\n\t\t\t\t<div class=\"elementor-widget-container\">\n\t\t\t\t\t\t\t<form class=\"elementor-form\" method=\"post\" name=\"Form Cirurgia Guiada\">\n\t\t\t<input type=\"hidden\" name=\"post_id\" value=\"1541\"\/>\n\t\t\t<input type=\"hidden\" name=\"form_id\" value=\"67a32e26\"\/>\n\t\t\t<input type=\"hidden\" name=\"referer_title\" value=\"\" \/>\n\n\t\t\t\n\t\t\t<div class=\"elementor-form-fields-wrapper elementor-labels-above\">\n\t\t\t\t\t\t\t\t<div class=\"elementor-field-type-checkbox elementor-field-group elementor-column elementor-field-group-urgencia elementor-col-100\">\n\t\t\t\t\t<div class=\"elementor-field-subgroup  \"><span class=\"elementor-field-option\"><input type=\"checkbox\" value=\"SOLICITO URG\u00caNCIA PARA O CASO\" id=\"form-field-urgencia-0\" name=\"form_fields[urgencia]\"> <label for=\"form-field-urgencia-0\">SOLICITO URG\u00caNCIA PARA O CASO<\/label><\/span><\/div>\t\t\t\t<\/div>\n\t\t\t\t\t\t\t\t<div class=\"elementor-field-type-email elementor-field-group elementor-column elementor-field-group-email elementor-col-100 elementor-field-required elementor-mark-required\">\n\t\t\t\t\t\t\t\t\t\t\t\t<label for=\"form-field-email\" class=\"elementor-field-label\">\n\t\t\t\t\t\t\t\tEmail\t\t\t\t\t\t\t<\/label>\n\t\t\t\t\t\t\t\t\t\t\t\t\t\t<input size=\"1\" type=\"email\" name=\"form_fields[email]\" id=\"form-field-email\" class=\"elementor-field elementor-size-sm  elementor-field-textual\" required=\"required\">\n\t\t\t\t\t\t\t\t\t\t\t<\/div>\n\t\t\t\t\t\t\t\t<div class=\"elementor-field-type-text elementor-field-group elementor-column elementor-field-group-field_3218bf3 elementor-col-50 elementor-field-required elementor-mark-required\">\n\t\t\t\t\t\t\t\t\t\t\t\t<label for=\"form-field-field_3218bf3\" class=\"elementor-field-label\">\n\t\t\t\t\t\t\t\tDentista Solicitante \t\t\t\t\t\t\t<\/label>\n\t\t\t\t\t\t\t\t\t\t\t\t\t\t<input size=\"1\" type=\"text\" name=\"form_fields[field_3218bf3]\" id=\"form-field-field_3218bf3\" class=\"elementor-field elementor-size-sm  elementor-field-textual\" required=\"required\">\n\t\t\t\t\t\t\t\t\t\t\t<\/div>\n\t\t\t\t\t\t\t\t<div class=\"elementor-field-type-maskphone_with_ddd elementor-field-group elementor-column elementor-field-group-field_22d5b1f elementor-col-50 elementor-field-required elementor-mark-required\">\n\t\t\t\t\t\t\t\t\t\t\t\t<label for=\"form-field-field_22d5b1f\" class=\"elementor-field-label\">\n\t\t\t\t\t\t\t\tTelefone do dentista para contato\t\t\t\t\t\t\t<\/label>\n\t\t\t\t\t\t<input size=\"1\" type=\"tel\" name=\"form_fields[field_22d5b1f]\" id=\"form-field-field_22d5b1f\" class=\"elementor-field elementor-size-sm  elementor-field-textual phone_with_ddd\" required=\"required\" placeholder=\"Telefone do dentista para contato\">\t\t\t\t<\/div>\n\t\t\t\t\t\t\t\t<div class=\"elementor-field-type-text elementor-field-group elementor-column elementor-field-group-field_3a63e09 elementor-col-100 elementor-field-required elementor-mark-required\">\n\t\t\t\t\t\t\t\t\t\t\t\t<label for=\"form-field-field_3a63e09\" class=\"elementor-field-label\">\n\t\t\t\t\t\t\t\tNome completo do paciente\t\t\t\t\t\t\t<\/label>\n\t\t\t\t\t\t\t\t\t\t\t\t\t\t<input size=\"1\" type=\"text\" name=\"form_fields[field_3a63e09]\" id=\"form-field-field_3a63e09\" class=\"elementor-field elementor-size-sm  elementor-field-textual\" required=\"required\">\n\t\t\t\t\t\t\t\t\t\t\t<\/div>\n\t\t\t\t\t\t\t\t<div class=\"elementor-field-type-radio elementor-field-group elementor-column elementor-field-group-field_8dc62ae elementor-col-50 elementor-field-required elementor-mark-required\">\n\t\t\t\t\t\t\t\t\t\t\t\t<label for=\"form-field-field_8dc62ae\" class=\"elementor-field-label\">\n\t\t\t\t\t\t\t\tQual o sistema de implante a ser utilizado?\t\t\t\t\t\t\t<\/label>\n\t\t\t\t\t\t<div class=\"elementor-field-subgroup  \"><span class=\"elementor-field-option\"><input type=\"radio\" value=\"Neodent GM Convencional\" id=\"form-field-field_8dc62ae-0\" name=\"form_fields[field_8dc62ae]\" required=\"required\"> <label for=\"form-field-field_8dc62ae-0\">Neodent GM Convencional<\/label><\/span><span class=\"elementor-field-option\"><input type=\"radio\" value=\"Neodent GM Easy Guide\" id=\"form-field-field_8dc62ae-1\" name=\"form_fields[field_8dc62ae]\" required=\"required\"> <label for=\"form-field-field_8dc62ae-1\">Neodent GM Easy Guide<\/label><\/span><span class=\"elementor-field-option\"><input type=\"radio\" value=\"Neodent CM Alvim\/Drive\" id=\"form-field-field_8dc62ae-2\" name=\"form_fields[field_8dc62ae]\" required=\"required\"> <label for=\"form-field-field_8dc62ae-2\">Neodent CM Alvim\/Drive<\/label><\/span><span class=\"elementor-field-option\"><input type=\"radio\" value=\"Neodent CM Titamax\" id=\"form-field-field_8dc62ae-3\" name=\"form_fields[field_8dc62ae]\" required=\"required\"> <label for=\"form-field-field_8dc62ae-3\">Neodent CM Titamax<\/label><\/span><span class=\"elementor-field-option\"><input type=\"radio\" value=\"Straumann\" id=\"form-field-field_8dc62ae-4\" name=\"form_fields[field_8dc62ae]\" required=\"required\"> <label for=\"form-field-field_8dc62ae-4\">Straumann<\/label><\/span><span class=\"elementor-field-option\"><input type=\"radio\" value=\"S.I.N. Strong\" id=\"form-field-field_8dc62ae-5\" name=\"form_fields[field_8dc62ae]\" required=\"required\"> <label for=\"form-field-field_8dc62ae-5\">S.I.N. Strong<\/label><\/span><span class=\"elementor-field-option\"><input type=\"radio\" value=\"S.I.N. Unitite\" id=\"form-field-field_8dc62ae-6\" name=\"form_fields[field_8dc62ae]\" required=\"required\"> <label for=\"form-field-field_8dc62ae-6\">S.I.N. Unitite<\/label><\/span><span class=\"elementor-field-option\"><input type=\"radio\" value=\"S.I.N. Epikut\" id=\"form-field-field_8dc62ae-7\" name=\"form_fields[field_8dc62ae]\" required=\"required\"> <label for=\"form-field-field_8dc62ae-7\">S.I.N. Epikut<\/label><\/span><span class=\"elementor-field-option\"><input type=\"radio\" value=\"Implacil\" id=\"form-field-field_8dc62ae-8\" name=\"form_fields[field_8dc62ae]\" required=\"required\"> <label for=\"form-field-field_8dc62ae-8\">Implacil<\/label><\/span><span class=\"elementor-field-option\"><input type=\"radio\" value=\"Outro:\" id=\"form-field-field_8dc62ae-9\" name=\"form_fields[field_8dc62ae]\" required=\"required\"> <label for=\"form-field-field_8dc62ae-9\">Outro:<\/label><\/span><\/div>\t\t\t\t<\/div>\n\t\t\t\t\t\t\t\t<div class=\"elementor-field-type-text elementor-field-group elementor-column elementor-field-group-field_5bf7c01 elementor-col-50\">\n\t\t\t\t\t\t\t\t\t\t\t\t\t<input size=\"1\" type=\"text\" name=\"form_fields[field_5bf7c01]\" id=\"form-field-field_5bf7c01\" class=\"elementor-field elementor-size-sm  elementor-field-textual\" placeholder=\"Em caso de &quot;outro&quot; , favor especificar\">\n\t\t\t\t\t\t\t\t\t\t\t<\/div>\n\t\t\t\t\t\t\t\t<div class=\"elementor-field-type-checkbox elementor-field-group elementor-column elementor-field-group-field_1455f61 elementor-col-100\">\n\t\t\t\t\t\t\t\t\t\t\t\t<label for=\"form-field-field_1455f61\" class=\"elementor-field-label\">\n\t\t\t\t\t\t\t\tQual a arcada a ser operada?\t\t\t\t\t\t\t<\/label>\n\t\t\t\t\t\t<div class=\"elementor-field-subgroup  \"><span class=\"elementor-field-option\"><input type=\"checkbox\" value=\"Maxila\" id=\"form-field-field_1455f61-0\" name=\"form_fields[field_1455f61][]\"> <label for=\"form-field-field_1455f61-0\">Maxila<\/label><\/span><span class=\"elementor-field-option\"><input type=\"checkbox\" value=\"Mand\u00edbula\" id=\"form-field-field_1455f61-1\" name=\"form_fields[field_1455f61][]\"> <label for=\"form-field-field_1455f61-1\">Mand\u00edbula<\/label><\/span><\/div>\t\t\t\t<\/div>\n\t\t\t\t\t\t\t\t<div class=\"elementor-field-type-text elementor-field-group elementor-column elementor-field-group-field_48c67c7 elementor-col-100 elementor-field-required elementor-mark-required\">\n\t\t\t\t\t\t\t\t\t\t\t\t<label for=\"form-field-field_48c67c7\" class=\"elementor-field-label\">\n\t\t\t\t\t\t\t\tEspecificar a regi\u00e3o do(s) implante(s) - (N\u00ba dos dentes).  Se for fazer extra\u00e7\u00e3o e instala\u00e7\u00e3o de implante imediata, favor informar. Caso tenha mais alguma informa\u00e7\u00e3o relevante para o planejamento, favor adicionar neste campo. \t\t\t\t\t\t\t<\/label>\n\t\t\t\t\t\t\t\t\t\t\t\t\t\t<input size=\"1\" type=\"text\" name=\"form_fields[field_48c67c7]\" id=\"form-field-field_48c67c7\" class=\"elementor-field elementor-size-sm  elementor-field-textual\" required=\"required\">\n\t\t\t\t\t\t\t\t\t\t\t<\/div>\n\t\t\t\t\t\t\t\t<div class=\"elementor-field-type-radio elementor-field-group elementor-column elementor-field-group-field_79c7c03 elementor-col-100 elementor-field-required elementor-mark-required\">\n\t\t\t\t\t\t\t\t\t\t\t\t<label for=\"form-field-field_79c7c03\" class=\"elementor-field-label\">\n\t\t\t\t\t\t\t\tQual tipo de pr\u00f3tese pretende usar?\t\t\t\t\t\t\t<\/label>\n\t\t\t\t\t\t<div class=\"elementor-field-subgroup  \"><span class=\"elementor-field-option\"><input type=\"radio\" value=\"Parafusada\" id=\"form-field-field_79c7c03-0\" name=\"form_fields[field_79c7c03]\" required=\"required\"> <label for=\"form-field-field_79c7c03-0\">Parafusada<\/label><\/span><span class=\"elementor-field-option\"><input type=\"radio\" value=\"Cimentada\" id=\"form-field-field_79c7c03-1\" name=\"form_fields[field_79c7c03]\" required=\"required\"> <label for=\"form-field-field_79c7c03-1\">Cimentada<\/label><\/span><span class=\"elementor-field-option\"><input type=\"radio\" value=\"Indifere neste caso\" id=\"form-field-field_79c7c03-2\" name=\"form_fields[field_79c7c03]\" required=\"required\"> <label for=\"form-field-field_79c7c03-2\">Indifere neste caso<\/label><\/span><\/div>\t\t\t\t<\/div>\n\t\t\t\t\t\t\t\t<div class=\"elementor-field-type-text elementor-field-group elementor-column elementor-field-group-field_a18384c elementor-col-100\">\n\t\t\t\t\t\t\t\t\t\t\t\t<label for=\"form-field-field_a18384c\" class=\"elementor-field-label\">\n\t\t\t\t\t\t\t\tAlguma previs\u00e3o para agendamento da cirurgia? \t\t\t\t\t\t\t<\/label>\n\t\t\t\t\t\t\t\t\t\t\t\t\t\t<input size=\"1\" type=\"text\" name=\"form_fields[field_a18384c]\" id=\"form-field-field_a18384c\" class=\"elementor-field elementor-size-sm  elementor-field-textual\">\n\t\t\t\t\t\t\t\t\t\t\t<\/div>\n\t\t\t\t\t\t\t\t<div class=\"elementor-field-type-checkbox elementor-field-group elementor-column elementor-field-group-field_e192bb8 elementor-col-100\">\n\t\t\t\t\t\t\t\t\t\t\t\t<label for=\"form-field-field_e192bb8\" class=\"elementor-field-label\">\n\t\t\t\t\t\t\t\tSolicita\u00e7\u00e3o de servi\u00e7os adicionais para este caso:\t\t\t\t\t\t\t<\/label>\n\t\t\t\t\t\t<div class=\"elementor-field-subgroup  \"><span class=\"elementor-field-option\"><input type=\"checkbox\" value=\"Caso enviado somente para avalia\u00e7\u00e3o (prazo de 4 dias \u00fateis para retorno)\" id=\"form-field-field_e192bb8-0\" name=\"form_fields[field_e192bb8][]\"> <label for=\"form-field-field_e192bb8-0\">Caso enviado somente para avalia\u00e7\u00e3o (prazo de 4 dias \u00fateis para retorno)<\/label><\/span><span class=\"elementor-field-option\"><input type=\"checkbox\" value=\"Escaneamento intra-oral (scan service)\" id=\"form-field-field_e192bb8-1\" name=\"form_fields[field_e192bb8][]\"> <label for=\"form-field-field_e192bb8-1\">Escaneamento intra-oral (scan service)<\/label><\/span><span class=\"elementor-field-option\"><input type=\"checkbox\" value=\"Escaneamento em consult\u00f3rios parceiros IM3D\" id=\"form-field-field_e192bb8-2\" name=\"form_fields[field_e192bb8][]\"> <label for=\"form-field-field_e192bb8-2\">Escaneamento em consult\u00f3rios parceiros IM3D<\/label><\/span><span class=\"elementor-field-option\"><input type=\"checkbox\" value=\"Escaneamento de modelo\" id=\"form-field-field_e192bb8-3\" name=\"form_fields[field_e192bb8][]\"> <label for=\"form-field-field_e192bb8-3\">Escaneamento de modelo<\/label><\/span><span class=\"elementor-field-option\"><input type=\"checkbox\" value=\"Desenho e impress\u00e3o de coroa provis\u00f3ria para captura\" id=\"form-field-field_e192bb8-4\" name=\"form_fields[field_e192bb8][]\"> <label for=\"form-field-field_e192bb8-4\">Desenho e impress\u00e3o de coroa provis\u00f3ria para captura<\/label><\/span><span class=\"elementor-field-option\"><input type=\"checkbox\" value=\"Apenas planejamento e desenho do guia (vou realizar a impress\u00e3o)\" id=\"form-field-field_e192bb8-5\" name=\"form_fields[field_e192bb8][]\"> <label for=\"form-field-field_e192bb8-5\">Apenas planejamento e desenho do guia (vou realizar a impress\u00e3o)<\/label><\/span><span class=\"elementor-field-option\"><input type=\"checkbox\" value=\"Apenas impress\u00e3o do guia COM anilhas (ja realizei o planejamento e vou enviar o stl)\" id=\"form-field-field_e192bb8-6\" name=\"form_fields[field_e192bb8][]\"> <label for=\"form-field-field_e192bb8-6\">Apenas impress\u00e3o do guia COM anilhas (ja realizei o planejamento e vou enviar o stl)<\/label><\/span><span class=\"elementor-field-option\"><input type=\"checkbox\" value=\"Apenas impress\u00e3o do guia SEM anilhas (ja realizei o planejamento e vou enviar o stl)\" id=\"form-field-field_e192bb8-7\" name=\"form_fields[field_e192bb8][]\"> <label for=\"form-field-field_e192bb8-7\">Apenas impress\u00e3o do guia SEM anilhas (ja realizei o planejamento e vou enviar o stl)<\/label><\/span><\/div>\t\t\t\t<\/div>\n\t\t\t\t\t\t\t\t<div class=\"elementor-field-type-text elementor-field-group elementor-column elementor-field-group-field_d2162f2 elementor-col-100\">\n\t\t\t\t\t\t\t\t\t\t\t\t<label for=\"form-field-field_d2162f2\" class=\"elementor-field-label\">\n\t\t\t\t\t\t\t\tOutro:\t\t\t\t\t\t\t<\/label>\n\t\t\t\t\t\t\t\t\t\t\t\t\t\t<input size=\"1\" type=\"text\" name=\"form_fields[field_d2162f2]\" id=\"form-field-field_d2162f2\" class=\"elementor-field elementor-size-sm  elementor-field-textual\" placeholder=\"Especificar caso n\u00e3o tenha a op\u00e7\u00e3o de servi\u00e7o adicional\">\n\t\t\t\t\t\t\t\t\t\t\t<\/div>\n\t\t\t\t\t\t\t\t<div class=\"elementor-field-type-recaptcha_v3 elementor-field-group elementor-column elementor-field-group-field_ba82ab8 elementor-col-100 recaptcha_v3-bottomright\">\n\t\t\t\t\t<div class=\"elementor-field\" id=\"form-field-field_ba82ab8\"><div class=\"elementor-g-recaptcha\" data-sitekey=\"6LegKcYqAAAAANZduapZ14ZmF1H6k60JfgH3z5S5\" data-type=\"v3\" data-action=\"Form\" data-badge=\"bottomright\" data-size=\"invisible\"><\/div><\/div>\t\t\t\t<\/div>\n\t\t\t\t\t\t\t\t<div class=\"elementor-field-group elementor-column elementor-field-type-submit elementor-col-33 e-form__buttons\">\n\t\t\t\t\t<button class=\"elementor-button elementor-size-md\" type=\"submit\">\n\t\t\t\t\t\t<span class=\"elementor-button-content-wrapper\">\n\t\t\t\t\t\t\t\t\t\t\t\t\t\t\t\t\t\t\t\t\t\t<span class=\"elementor-button-text\">Enviar<\/span>\n\t\t\t\t\t\t\t\t\t\t\t\t\t<\/span>\n\t\t\t\t\t<\/button>\n\t\t\t\t<\/div>\n\t\t\t<\/div>\n\t\t<\/form>\n\t\t\t\t\t\t<\/div>\n\t\t\t\t<\/div>\n\t\t\t\t\t<\/div>\n\t\t\t\t<\/div>\n\t\t\t\t\t<\/div>\n\t\t\t\t<\/div>\n\t\t\t\t<\/div>\n\t\t<div class=\"elementor-element elementor-element-4d4491cc e-con-full e-flex e-con e-child\" data-id=\"4d4491cc\" data-element_type=\"container\">\n\t\t\t\t<div class=\"elementor-element elementor-element-6e179885 elementor-widget elementor-widget-text-editor\" data-id=\"6e179885\" data-element_type=\"widget\" data-widget_type=\"text-editor.default\">\n\t\t\t\t<div class=\"elementor-widget-container\">\n\t\t\t\t\t\t\t\t\t<p>\u00a0 \u00a0Responderemos o mais breve poss\u00edvel. Enquanto isso, fique \u00e0 vontade para explorar nossos servi\u00e7os ou seguir-nos em nossas redes sociais para saber mais novidades.<\/p>\t\t\t\t\t\t\t\t<\/div>\n\t\t\t\t<\/div>\n\t\t\t\t<\/div>\n\t\t\t\t<\/div>\n\t\t\t\t<\/div>\n\t\t","protected":false},"excerpt":{"rendered":"<p>Solicita\u00e7\u00e3o de Planejamento para Cirurgia Guiada As perguntas abaixo s\u00e3o de fundamental import\u00e2ncia para o planejamento. Favor seja o mais preciso poss\u00edvel. Caso deseje solicitar urg\u00eancia, marcar no campo abaixo. Analisaremos a viabilidade de acordo com a demanda e a complexidade do caso. \u00a0 \u00a0Responderemos o mais breve poss\u00edvel. Enquanto isso, fique \u00e0 vontade para [&hellip;]<\/p>\n","protected":false},"author":1,"featured_media":0,"parent":0,"menu_order":0,"comment_status":"closed","ping_status":"closed","template":"elementor_header_footer","meta":{"footnotes":"","_joinchat":[]},"_links":{"self":[{"href":"https:\/\/im3d.com.br\/index.php\/wp-json\/wp\/v2\/pages\/1541"}],"collection":[{"href":"https:\/\/im3d.com.br\/index.php\/wp-json\/wp\/v2\/pages"}],"about":[{"href":"https:\/\/im3d.com.br\/index.php\/wp-json\/wp\/v2\/types\/page"}],"author":[{"embeddable":true,"href":"https:\/\/im3d.com.br\/index.php\/wp-json\/wp\/v2\/users\/1"}],"replies":[{"embeddable":true,"href":"https:\/\/im3d.com.br\/index.php\/wp-json\/wp\/v2\/comments?post=1541"}],"version-history":[{"count":79,"href":"https:\/\/im3d.com.br\/index.php\/wp-json\/wp\/v2\/pages\/1541\/revisions"}],"predecessor-version":[{"id":1641,"href":"https:\/\/im3d.com.br\/index.php\/wp-json\/wp\/v2\/pages\/1541\/revisions\/1641"}],"wp:attachment":[{"href":"https:\/\/im3d.com.br\/index.php\/wp-json\/wp\/v2\/media?parent=1541"}],"curies":[{"name":"wp","href":"https:\/\/api.w.org\/{rel}","templated":true}]}}